{"id":275,"date":"2020-10-12T10:21:32","date_gmt":"2020-10-12T08:21:32","guid":{"rendered":"http:\/\/www.mstc.fr\/index.php\/etuis-fourreaux\/"},"modified":"2020-10-12T10:21:35","modified_gmt":"2020-10-12T08:21:35","slug":"etuis-fourreaux","status":"publish","type":"page","link":"http:\/\/www.mstc.fr\/index.php\/etuis-fourreaux\/","title":{"rendered":"Etuis Fourreaux"},"content":{"rendered":"\n  \n    <section class=\"u-carousel u-slide u-block-d786-1\" id=\"carousel_946c\" data-interval=\"5000\" data-u-ride=\"carousel\">\n      <ol class=\"u-absolute-hcenter u-carousel-indicators u-block-d786-5\">\n        <li data-u-target=\"#carousel_946c\" data-u-slide-to=\"0\" class=\"u-active u-grey-30\"><\/li>\n        <li data-u-target=\"#carousel_946c\" class=\"u-grey-30\" data-u-slide-to=\"1\"><\/li>\n        <li data-u-target=\"#carousel_946c\" class=\"u-grey-30\" data-u-slide-to=\"2\"><\/li>\n        <li data-u-target=\"#carousel_946c\" class=\"u-grey-30\" data-u-slide-to=\"3\"><\/li>\n      <\/ol>\n      <div class=\"u-carousel-inner\" role=\"listbox\">\n        <div class=\"u-active u-carousel-item u-clearfix u-grey-50 u-section-1-1\">\n          <div class=\"u-clearfix u-sheet u-sheet-1\">\n            <div class=\"u-clearfix u-expanded-width u-gutter-10 u-layout-wrap u-layout-wrap-1\">\n              <div class=\"u-layout\">\n                <div class=\"u-layout-row\">\n                  <div class=\"u-size-30 u-size-60-md\">\n                    <div class=\"u-layout-col\">\n                      <div class=\"u-container-style u-layout-cell u-left-cell u-size-60 u-layout-cell-1\" src=\"\">\n                        <div class=\"u-container-layout u-container-layout-1\">\n                          <img class=\"u-expand-resize u-image u-image-1\" src=\"http:\/\/www.mstc.fr\/wp-content\/uploads\/2020\/10\/ETUISTPERES21.png\" data-image-width=\"2064\" data-image-height=\"2400\">\n                        <\/div>\n                      <\/div>\n                    <\/div>\n                  <\/div>\n                  <div class=\"u-size-30 u-size-60-md\">\n                    <div class=\"u-layout-col\">\n                      <div class=\"u-size-30\">\n                        <div class=\"u-layout-row\">\n                          <div class=\"u-align-center u-container-style u-layout-cell u-shape-rectangle u-size-60 u-layout-cell-2\">\n                            <div class=\"u-container-layout u-container-layout-2\">\n                              <h3 class=\"u-text u-text-1\">Fourreau avec papier de cr\u00e9ation<\/h3>\n                              <p class=\"u-text u-text-2\"> r\u00e9alis\u00e9 pour les Editions des saints peres<\/p>\n                            <\/div>\n                          <\/div>\n                        <\/div>\n                      <\/div>\n                      <div class=\"u-size-30\">\n                        <div class=\"u-layout-row\">\n                          <div class=\"u-container-style u-layout-cell u-size-60 u-layout-cell-3\" src=\"\">\n                            <div class=\"u-container-layout u-container-layout-3\">\n                              <img class=\"u-expand-resize u-image u-image-2\" src=\"http:\/\/www.mstc.fr\/wp-content\/uploads\/2020\/10\/etui-four-le-mystere-de-jean-l-oiseleuredsp.png\" data-image-width=\"440\" data-image-height=\"577\">\n                            <\/div>\n                          <\/div>\n                        <\/div>\n                      <\/div>\n                    <\/div>\n                  <\/div>\n                <\/div>\n              <\/div>\n            <\/div>\n          <\/div>\n        <\/div>\n        <div class=\"-lg -md -xl -xs u-align-left u-carousel-item u-clearfix u-grey-50 u-section-1-2\" src=\"\">\n          <div class=\"u-clearfix u-sheet u-sheet-1\">\n            <h1 class=\"u-align-center u-text u-title u-text-1\">fourreau avec coup de pouce ou d\u00e9coupe en V<\/h1>\n            <img src=\"http:\/\/www.mstc.fr\/wp-content\/uploads\/2020\/10\/etui-four-ETUIavecpetitV2.png\" alt=\"\" class=\"u-image u-image-default u-image-1\" data-image-width=\"1956\" data-image-height=\"2388\">\n            <img src=\"http:\/\/www.mstc.fr\/wp-content\/uploads\/2020\/10\/etui-four-ETUICOUPDEPOUCE1.png\" alt=\"\" class=\"u-image u-image-default u-image-2\" data-image-width=\"2076\" data-image-height=\"2904\">\n            <img class=\"u-expand-resize u-image u-image-3\" src=\"http:\/\/www.mstc.fr\/wp-content\/uploads\/2020\/10\/etui-four-ETUIPETITV.png\" data-image-width=\"1872\" data-image-height=\"2616\">\n          <\/div>\n        <\/div>\n        <div class=\"u-align-left u-carousel-item u-clearfix u-grey-50 u-section-1-3\" src=\"\">\n          <div class=\"u-clearfix u-sheet u-sheet-1\">\n            <h3 class=\"u-align-center u-text u-text-1\"> etui fourreau avec d\u00e9coupe silhouette<\/h3>\n            <img src=\"http:\/\/www.mstc.fr\/wp-content\/uploads\/2020\/10\/ETUI-Jane-Austen.jpg\" alt=\"\" class=\"u-border-2 u-border-grey-75 u-image u-image-default u-image-1\" data-image-width=\"400\" data-image-height=\"458\">\n          <\/div>\n        <\/div>\n        <div class=\"u-align-left u-carousel-item u-clearfix u-grey-50 u-section-1-4\" src=\"\">\n          <h3 class=\"u-align-center u-text u-text-1\"> reluire ecrin pour magazine habill\u00e9 de papier de cr\u00e9ation<br>avec marquage \u00e0 chaud ou papier imprim\u00e9&nbsp;\n          <\/h3>\n          <img src=\"http:\/\/www.mstc.fr\/wp-content\/uploads\/2020\/10\/Etui-Four-ECRINRELIUREPLAT1.png\" alt=\"\" class=\"u-image u-image-default u-image-1\" data-image-width=\"990\" data-image-height=\"2292\">\n          <img src=\"http:\/\/www.mstc.fr\/wp-content\/uploads\/2020\/10\/etui-four-ECRINCONNDESARTS.png\" alt=\"\" class=\"u-image u-image-default u-image-2\" data-image-width=\"1752\" data-image-height=\"3096\">\n        <\/div>\n      <\/div>\n      <a class=\"u-absolute-vcenter u-carousel-control u-carousel-control-prev u-text-grey-30 u-block-d786-3\" href=\"#carousel_946c\" role=\"button\" data-u-slide=\"prev\">\n        <span aria-hidden=\"true\">\n          <svg viewBox=\"0 0 477.175 477.175\"><path d=\"M145.188,238.575l215.5-215.5c5.3-5.3,5.3-13.8,0-19.1s-13.8-5.3-19.1,0l-225.1,225.1c-5.3,5.3-5.3,13.8,0,19.1l225.1,225\n                    c2.6,2.6,6.1,4,9.5,4s6.9-1.3,9.5-4c5.3-5.3,5.3-13.8,0-19.1L145.188,238.575z\"><\/path><\/svg>\n        <\/span>\n        <span class=\"sr-only\">Previous<\/span>\n      <\/a>\n      <a class=\"u-absolute-vcenter u-carousel-control u-carousel-control-next u-text-grey-30 u-block-d786-6\" href=\"#carousel_946c\" role=\"button\" data-u-slide=\"next\">\n        <span aria-hidden=\"true\">\n          <svg viewBox=\"0 0 477.175 477.175\"><path d=\"M360.731,229.075l-225.1-225.1c-5.3-5.3-13.8-5.3-19.1,0s-5.3,13.8,0,19.1l215.5,215.5l-215.5,215.5\n                    c-5.3,5.3-5.3,13.8,0,19.1c2.6,2.6,6.1,4,9.5,4c3.4,0,6.9-1.3,9.5-4l225.1-225.1C365.931,242.875,365.931,234.275,360.731,229.075z\"><\/path><\/svg>\n        <\/span>\n        <span class=\"sr-only\">Next<\/span>\n      <\/a>\n    <\/section>\n    \n    \n    \n  \n","protected":false},"excerpt":{"rendered":"<p>Fourreau avec papier de cr\u00e9ation r\u00e9alis\u00e9 pour les Editions des saints peres fourreau avec coup de pouce ou d\u00e9coupe en V etui fourreau avec d\u00e9coupe silhouette reluire ecrin pour magazine habill\u00e9 de papier de cr\u00e9ationavec marquage \u00e0 chaud ou papier imprim\u00e9&nbsp; Previous Next<\/p>\n","protected":false},"author":1,"featured_media":0,"parent":0,"menu_order":14,"comment_status":"closed","ping_status":"closed","template":"","meta":{"footnotes":""},"_links":{"self":[{"href":"http:\/\/www.mstc.fr\/index.php\/wp-json\/wp\/v2\/pages\/275"}],"collection":[{"href":"http:\/\/www.mstc.fr\/index.php\/wp-json\/wp\/v2\/pages"}],"about":[{"href":"http:\/\/www.mstc.fr\/index.php\/wp-json\/wp\/v2\/types\/page"}],"author":[{"embeddable":true,"href":"http:\/\/www.mstc.fr\/index.php\/wp-json\/wp\/v2\/users\/1"}],"replies":[{"embeddable":true,"href":"http:\/\/www.mstc.fr\/index.php\/wp-json\/wp\/v2\/comments?post=275"}],"version-history":[{"count":1,"href":"http:\/\/www.mstc.fr\/index.php\/wp-json\/wp\/v2\/pages\/275\/revisions"}],"predecessor-version":[{"id":290,"href":"http:\/\/www.mstc.fr\/index.php\/wp-json\/wp\/v2\/pages\/275\/revisions\/290"}],"wp:attachment":[{"href":"http:\/\/www.mstc.fr\/index.php\/wp-json\/wp\/v2\/media?parent=275"}],"curies":[{"name":"wp","href":"https:\/\/api.w.org\/{rel}","templated":true}]}}