{"id":273,"date":"2020-10-12T10:21:31","date_gmt":"2020-10-12T08:21:31","guid":{"rendered":"http:\/\/www.mstc.fr\/index.php\/qui-sommes-nous\/"},"modified":"2020-10-12T10:21:34","modified_gmt":"2020-10-12T08:21:34","slug":"qui-sommes-nous","status":"publish","type":"page","link":"http:\/\/www.mstc.fr\/index.php\/qui-sommes-nous\/","title":{"rendered":"Qui sommes nous"},"content":{"rendered":"\n  \n    <section class=\"u-align-center u-clearfix u-grey-70 u-section-1\" id=\"sec-b016\">\n      <div class=\"u-clearfix u-sheet u-sheet-1\">\n        <h5 class=\"u-text u-text-1\">Qui sommes-nous?<\/h5>\n        <p class=\"u-align-justify u-text u-text-2\">Nous concevons et fabriquons depuis plus de 30 ans des produits d\u2019emballage et de classement, des supports promotionnels et marketing en carton compact recouvert :<br><b>\u00e9tuis, bo\u00eetes, classeurs, coffrets, plv de comptoir, valisettes, calendriers\u2026<\/b>&nbsp;<br><b>pour une client\u00e8le d\u2019\u00e9diteurs, imprimeurs, agences de communication, bureau de fabrication.<\/b>\n          <br>\n          <br>Pour promouvoir une marque, valoriser un produit, prot\u00e9ger un ouvrage, communiquer, informer\u2026&nbsp;<br>faites confiance \u00e0 notre \u00e9quipe pour la r\u00e9alisation de vos projets !<br>\n          <br>Notre outil de production est particuli\u00e8rement adapt\u00e9 aux <b>petites et moyennes s\u00e9ries<\/b>.<br>Nous avons d\u00e9velopp\u00e9 au fil du temps un grand savoir-faire dans la r\u00e9alisation de <b>fabrication sur-mesure<\/b>.<br>\n          <br>Nous habillons nos r\u00e9alisations de papiers imprim\u00e9s, souvent pellicul\u00e9s, papiers de cr\u00e9ations avec marquage \u00e0 chaud, dorure\u2026<br>\n          <br>Notre bureau d\u2019\u00e9tude con\u00e7oit et r\u00e9alise les produits dont vous avez besoin.Pour tout projet, une maquette en blanc peut \u00eatre r\u00e9alis\u00e9e sur demande.<br>\n          <br>Nos valeurs sont conseil et cr\u00e9ativit\u00e9, qualit\u00e9 de finition, r\u00e9activit\u00e9 &amp; respect des d\u00e9lais.\n        <\/p>\n      <\/div>\n    <\/section>\n    \n    \n    \n  \n","protected":false},"excerpt":{"rendered":"<p>Qui sommes-nous? Nous concevons et fabriquons depuis plus de 30 ans des produits d\u2019emballage et de classement, des supports promotionnels et marketing en carton compact recouvert :\u00e9tuis, bo\u00eetes, classeurs, coffrets, plv de comptoir, valisettes, calendriers\u2026&nbsp;pour une client\u00e8le d\u2019\u00e9diteurs, imprimeurs, agences de communication, bureau de fabrication. Pour promouvoir une marque, valoriser un produit, prot\u00e9ger un ouvrage, &hellip; <a href=\"http:\/\/www.mstc.fr\/index.php\/qui-sommes-nous\/\" class=\"more-link\">Continue reading<span class=\"screen-reader-text\"> \u00ab\u00a0Qui sommes nous\u00a0\u00bb<\/span><\/a><\/p>\n","protected":false},"author":1,"featured_media":0,"parent":0,"menu_order":13,"comment_status":"closed","ping_status":"closed","template":"","meta":{"footnotes":""},"_links":{"self":[{"href":"http:\/\/www.mstc.fr\/index.php\/wp-json\/wp\/v2\/pages\/273"}],"collection":[{"href":"http:\/\/www.mstc.fr\/index.php\/wp-json\/wp\/v2\/pages"}],"about":[{"href":"http:\/\/www.mstc.fr\/index.php\/wp-json\/wp\/v2\/types\/page"}],"author":[{"embeddable":true,"href":"http:\/\/www.mstc.fr\/index.php\/wp-json\/wp\/v2\/users\/1"}],"replies":[{"embeddable":true,"href":"http:\/\/www.mstc.fr\/index.php\/wp-json\/wp\/v2\/comments?post=273"}],"version-history":[{"count":1,"href":"http:\/\/www.mstc.fr\/index.php\/wp-json\/wp\/v2\/pages\/273\/revisions"}],"predecessor-version":[{"id":289,"href":"http:\/\/www.mstc.fr\/index.php\/wp-json\/wp\/v2\/pages\/273\/revisions\/289"}],"wp:attachment":[{"href":"http:\/\/www.mstc.fr\/index.php\/wp-json\/wp\/v2\/media?parent=273"}],"curies":[{"name":"wp","href":"https:\/\/api.w.org\/{rel}","templated":true}]}}