{"id":251,"date":"2020-10-12T10:21:20","date_gmt":"2020-10-12T08:21:20","guid":{"rendered":"http:\/\/www.mstc.fr\/index.php\/boites\/"},"modified":"2020-10-12T10:21:33","modified_gmt":"2020-10-12T08:21:33","slug":"boites","status":"publish","type":"page","link":"http:\/\/www.mstc.fr\/index.php\/boites\/","title":{"rendered":"Bo\u00eetes"},"content":{"rendered":"\n  \n    <section class=\"u-carousel u-slide u-block-6560-1\" id=\"carousel_81fb\" data-interval=\"5000\" data-u-ride=\"carousel\">\n      <ol class=\"u-absolute-hcenter u-carousel-indicators u-block-6560-2\">\n        <li data-u-target=\"#carousel_81fb\" data-u-slide-to=\"0\" class=\"u-active u-grey-30\"><\/li>\n        <li data-u-target=\"#carousel_81fb\" class=\"u-grey-30\" data-u-slide-to=\"1\"><\/li>\n        <li data-u-target=\"#carousel_81fb\" class=\"u-grey-30\" data-u-slide-to=\"2\"><\/li>\n        <li data-u-target=\"#carousel_81fb\" class=\"u-grey-30\" data-u-slide-to=\"3\"><\/li>\n        <li data-u-target=\"#carousel_81fb\" class=\"u-grey-30\" data-u-slide-to=\"4\"><\/li>\n        <li data-u-target=\"#carousel_81fb\" class=\"u-grey-30\" data-u-slide-to=\"5\"><\/li>\n      <\/ol>\n      <div class=\"u-carousel-inner\" role=\"listbox\">\n        <div class=\"u-active u-border-no-bottom u-border-no-left u-border-no-right u-border-no-top u-carousel-item u-clearfix u-grey-40 u-section-1-1\">\n          <div class=\"u-clearfix u-sheet u-sheet-1\">\n            <div class=\"u-clearfix u-expanded-width u-gutter-10 u-layout-wrap u-layout-wrap-1\">\n              <div class=\"u-layout\">\n                <div class=\"u-layout-row\">\n                  <div class=\"u-size-60\">\n                    <div class=\"u-layout-col\">\n                      <div class=\"u-container-style u-layout-cell u-left-cell u-shape-rectangle u-size-60 u-layout-cell-1\" src=\"\">\n                        <div class=\"u-container-layout u-container-layout-1\">\n                          <h3 class=\"u-align-center u-text u-text-grey-70 u-text-1\">Bo\u00eete monocuvette avec dorure<\/h3>\n                          <img src=\"http:\/\/www.mstc.fr\/wp-content\/uploads\/2020\/10\/boite-monocuvette-dorure3.png\" alt=\"\" class=\"u-image u-image-default u-image-1\" data-image-width=\"2891\" data-image-height=\"1859\">\n                        <\/div>\n                      <\/div>\n                    <\/div>\n                  <\/div>\n                <\/div>\n              <\/div>\n            <\/div>\n          <\/div>\n        <\/div>\n        <div class=\"u-border-no-bottom u-border-no-left u-border-no-right u-border-no-top u-carousel-item u-clearfix u-grey-40 u-section-1-2\">\n          <div class=\"u-clearfix u-sheet u-sheet-1\">\n            <div class=\"u-clearfix u-expanded-width u-gutter-10 u-layout-wrap u-layout-wrap-1\">\n              <div class=\"u-layout\">\n                <div class=\"u-layout-row\">\n                  <div class=\"u-size-60\">\n                    <div class=\"u-layout-row\">\n                      <div class=\"u-container-style u-layout-cell u-shape-rectangle u-size-60 u-layout-cell-1\">\n                        <div class=\"u-container-layout u-container-layout-1\">\n                          <h3 class=\"u-align-center u-text u-text-grey-70 u-text-1\">Bo\u00eete cloche avec papier imprim\u00e9<\/h3>\n                          <img class=\"u-expand-resize u-image u-image-1\" src=\"http:\/\/www.mstc.fr\/wp-content\/uploads\/2020\/10\/portfolio-boite-doree.png\" data-image-width=\"1854\" data-image-height=\"1992\">\n                        <\/div>\n                      <\/div>\n                    <\/div>\n                  <\/div>\n                <\/div>\n              <\/div>\n            <\/div>\n          <\/div>\n        <\/div>\n        <div class=\"u-border-no-bottom u-border-no-left u-border-no-right u-border-no-top u-carousel-item u-clearfix u-grey-40 u-section-1-3\">\n          <div class=\"u-clearfix u-sheet u-sheet-1\">\n            <div class=\"u-clearfix u-expanded-width u-gutter-2 u-layout-wrap u-layout-wrap-1\">\n              <div class=\"u-layout\">\n                <div class=\"u-layout-row\">\n                  <div class=\"u-size-30\">\n                    <div class=\"u-layout-col\">\n                      <div class=\"u-container-style u-layout-cell u-left-cell u-size-60 u-layout-cell-1\" src=\"\">\n                        <div class=\"u-container-layout u-container-layout-1\">\n                          <h3 class=\"u-align-center u-text u-text-grey-70 u-text-1\">Bo\u00eete \u00e0 gorge Bord droit&nbsp;ou biseaut\u00e9<\/h3>\n                          <img class=\"u-expand-resize u-image u-image-1\" src=\"http:\/\/www.mstc.fr\/wp-content\/uploads\/2020\/10\/Portfolio-BOITE-GORGE-M1.png\" data-image-width=\"398\" data-image-height=\"431\">\n                        <\/div>\n                      <\/div>\n                    <\/div>\n                  <\/div>\n                  <div class=\"u-size-30\">\n                    <div class=\"u-layout-row\">\n                      <div class=\"u-container-style u-layout-cell u-right-cell u-size-60 u-layout-cell-2\" src=\"\">\n                        <div class=\"u-container-layout u-valign-middle u-container-layout-2\">\n                          <img class=\"u-expand-resize u-image u-image-2\" src=\"http:\/\/www.mstc.fr\/wp-content\/uploads\/2020\/10\/Portfolio-BOITE-GORGE-2.png\" data-image-width=\"1464\" data-image-height=\"2724\">\n                        <\/div>\n                      <\/div>\n                    <\/div>\n                  <\/div>\n                <\/div>\n              <\/div>\n            <\/div>\n          <\/div>\n        <\/div>\n        <div class=\"u-border-no-bottom u-border-no-left u-border-no-right u-border-no-top u-carousel-item u-clearfix u-grey-40 u-section-1-4\">\n          <div class=\"u-clearfix u-sheet u-sheet-1\">\n            <div class=\"u-clearfix u-gutter-10 u-layout-wrap u-layout-wrap-1\">\n              <div class=\"u-layout\">\n                <div class=\"u-layout-row\">\n                  <div class=\"u-size-60\">\n                    <div class=\"u-layout-row\">\n                      <div class=\"u-container-style u-layout-cell u-left-cell u-size-60 u-layout-cell-1\" src=\"\">\n                        <div class=\"u-container-layout u-container-layout-1\">\n                          <h3 class=\"u-align-center u-text u-text-grey-70 u-text-1\"> Boite cloche avec papier de cr\u00e9ation, marquage \u00e0 chaud et callage<\/h3>\n                          <img class=\"u-expand-resize u-image u-image-1\" src=\"http:\/\/www.mstc.fr\/wp-content\/uploads\/2020\/10\/portfolio-Boite-cloche-papier-crea.png\" data-image-width=\"1980\" data-image-height=\"2064\">\n                        <\/div>\n                      <\/div>\n                    <\/div>\n                  <\/div>\n                <\/div>\n              <\/div>\n            <\/div>\n          <\/div>\n        <\/div>\n        <div class=\"u-border-no-bottom u-border-no-left u-border-no-right u-border-no-top u-carousel-item u-clearfix u-grey-40 u-section-1-5\">\n          <div class=\"u-clearfix u-sheet u-sheet-1\">\n            <div class=\"u-clearfix u-expanded-width u-gutter-10 u-layout-wrap u-layout-wrap-1\">\n              <div class=\"u-layout\">\n                <div class=\"u-layout-row\">\n                  <div class=\"u-size-30\">\n                    <div class=\"u-layout-col\">\n                      <div class=\"u-container-style u-layout-cell u-left-cell u-size-60 u-layout-cell-1\" src=\"\">\n                        <div class=\"u-container-layout u-container-layout-1\">\n                          <h3 class=\"u-align-center u-text u-text-grey-70 u-text-1\"> Bo\u00eete cloche portefolio pour les editions christian collin<\/h3>\n                          <img class=\"u-expand-resize u-image u-image-1\" src=\"http:\/\/www.mstc.fr\/wp-content\/uploads\/2020\/10\/Portfolio-BoiteCloche-03.png\" data-image-width=\"1859\" data-image-height=\"2457\">\n                        <\/div>\n                      <\/div>\n                    <\/div>\n                  <\/div>\n                  <div class=\"u-size-30\">\n                    <div class=\"u-layout-row\">\n                      <div class=\"u-container-style u-layout-cell u-right-cell u-shape-rectangle u-size-60 u-layout-cell-2\" src=\"\">\n                        <div class=\"u-container-layout u-container-layout-2\">\n                          <img class=\"u-expand-resize u-image u-image-2\" src=\"http:\/\/www.mstc.fr\/wp-content\/uploads\/2020\/10\/enki-bilal-pierre-christin-1979-2019_41762581.jpg\" data-image-width=\"1181\" data-image-height=\"1163\">\n                        <\/div>\n                      <\/div>\n                    <\/div>\n                  <\/div>\n                <\/div>\n              <\/div>\n            <\/div>\n          <\/div>\n        <\/div>\n        <div class=\"u-border-no-bottom u-border-no-left u-border-no-right u-border-no-top u-carousel-item u-clearfix u-grey-40 u-section-1-6\">\n          <div class=\"u-clearfix u-sheet u-sheet-1\">\n            <div class=\"u-clearfix u-gutter-10 u-layout-wrap u-layout-wrap-1\">\n              <div class=\"u-layout\">\n                <div class=\"u-layout-row\">\n                  <div class=\"u-size-60\">\n                    <div class=\"u-layout-row\">\n                      <div class=\"u-container-style u-layout-cell u-left-cell u-size-60 u-layout-cell-1\" src=\"\">\n                        <div class=\"u-container-layout u-container-layout-1\">\n                          <h3 class=\"u-align-center u-text u-text-grey-70 u-text-1\">Bo\u00eete gorge hexagonale<\/h3>\n                          <img class=\"u-expand-resize u-image u-image-1\" src=\"http:\/\/www.mstc.fr\/wp-content\/uploads\/2020\/10\/BOITECARAFEMORINBLEUE1.png\" data-image-width=\"539\" data-image-height=\"368\">\n                        <\/div>\n                      <\/div>\n                    <\/div>\n                  <\/div>\n                <\/div>\n              <\/div>\n            <\/div>\n          <\/div>\n        <\/div>\n      <\/div>\n      <a class=\"u-absolute-vcenter u-carousel-control u-carousel-control-prev u-text-grey-30 u-block-6560-3\" href=\"#carousel_81fb\" role=\"button\" data-u-slide=\"prev\">\n        <span aria-hidden=\"true\">\n          <svg viewBox=\"0 0 477.175 477.175\"><path d=\"M145.188,238.575l215.5-215.5c5.3-5.3,5.3-13.8,0-19.1s-13.8-5.3-19.1,0l-225.1,225.1c-5.3,5.3-5.3,13.8,0,19.1l225.1,225\n                    c2.6,2.6,6.1,4,9.5,4s6.9-1.3,9.5-4c5.3-5.3,5.3-13.8,0-19.1L145.188,238.575z\"><\/path><\/svg>\n        <\/span>\n        <span class=\"sr-only\">Previous<\/span>\n      <\/a>\n      <a class=\"u-absolute-vcenter u-carousel-control u-carousel-control-next u-text-grey-30 u-block-6560-4\" href=\"#carousel_81fb\" role=\"button\" data-u-slide=\"next\">\n        <span aria-hidden=\"true\">\n          <svg viewBox=\"0 0 477.175 477.175\"><path d=\"M360.731,229.075l-225.1-225.1c-5.3-5.3-13.8-5.3-19.1,0s-5.3,13.8,0,19.1l215.5,215.5l-215.5,215.5\n                    c-5.3,5.3-5.3,13.8,0,19.1c2.6,2.6,6.1,4,9.5,4c3.4,0,6.9-1.3,9.5-4l225.1-225.1C365.931,242.875,365.931,234.275,360.731,229.075z\"><\/path><\/svg>\n        <\/span>\n        <span class=\"sr-only\">Next<\/span>\n      <\/a>\n    <\/section>\n    \n    \n    \n  \n","protected":false},"excerpt":{"rendered":"<p>Bo\u00eete monocuvette avec dorure Bo\u00eete cloche avec papier imprim\u00e9 Bo\u00eete \u00e0 gorge Bord droit&nbsp;ou biseaut\u00e9 Boite cloche avec papier de cr\u00e9ation, marquage \u00e0 chaud et callage Bo\u00eete cloche portefolio pour les editions christian collin Bo\u00eete gorge hexagonale Previous Next<\/p>\n","protected":false},"author":1,"featured_media":0,"parent":0,"menu_order":2,"comment_status":"closed","ping_status":"closed","template":"","meta":{"footnotes":""},"_links":{"self":[{"href":"http:\/\/www.mstc.fr\/index.php\/wp-json\/wp\/v2\/pages\/251"}],"collection":[{"href":"http:\/\/www.mstc.fr\/index.php\/wp-json\/wp\/v2\/pages"}],"about":[{"href":"http:\/\/www.mstc.fr\/index.php\/wp-json\/wp\/v2\/types\/page"}],"author":[{"embeddable":true,"href":"http:\/\/www.mstc.fr\/index.php\/wp-json\/wp\/v2\/users\/1"}],"replies":[{"embeddable":true,"href":"http:\/\/www.mstc.fr\/index.php\/wp-json\/wp\/v2\/comments?post=251"}],"version-history":[{"count":1,"href":"http:\/\/www.mstc.fr\/index.php\/wp-json\/wp\/v2\/pages\/251\/revisions"}],"predecessor-version":[{"id":278,"href":"http:\/\/www.mstc.fr\/index.php\/wp-json\/wp\/v2\/pages\/251\/revisions\/278"}],"wp:attachment":[{"href":"http:\/\/www.mstc.fr\/index.php\/wp-json\/wp\/v2\/media?parent=251"}],"curies":[{"name":"wp","href":"https:\/\/api.w.org\/{rel}","templated":true}]}}