{"id":157,"date":"2019-10-01T17:14:54","date_gmt":"2019-10-01T15:14:54","guid":{"rendered":"http:\/\/www.mstc.fr\/?page_id=157"},"modified":"2019-10-01T17:16:31","modified_gmt":"2019-10-01T15:16:31","slug":"presentoirs-calendriers-et-plv","status":"publish","type":"page","link":"http:\/\/www.mstc.fr\/index.php\/creations\/presentoirs-calendriers-et-plv\/","title":{"rendered":"Pr\u00e9sentoirs, calendriers et plv"},"content":{"rendered":"\n<ul class=\"wp-block-gallery columns-3 is-cropped wp-block-gallery-1 is-layout-flex wp-block-gallery-is-layout-flex\"><li class=\"blocks-gallery-item\"><figure><img decoding=\"async\" loading=\"lazy\" width=\"500\" height=\"450\" src=\"http:\/\/www.mstc.fr\/wp-content\/uploads\/2019\/07\/PRESENTOIR.jpg\" alt=\"\" data-id=\"54\" data-link=\"http:\/\/www.mstc.fr\/index.php\/creations\/presentoir\/\" class=\"wp-image-54\" srcset=\"http:\/\/www.mstc.fr\/wp-content\/uploads\/2019\/07\/PRESENTOIR.jpg 500w, http:\/\/www.mstc.fr\/wp-content\/uploads\/2019\/07\/PRESENTOIR-300x270.jpg 300w\" sizes=\"(max-width: 500px) 85vw, 500px\" \/><\/figure><\/li><li class=\"blocks-gallery-item\"><figure><img decoding=\"async\" loading=\"lazy\" width=\"500\" height=\"450\" src=\"http:\/\/www.mstc.fr\/wp-content\/uploads\/2019\/07\/PLV_PORTE_LEAFLET.jpg\" alt=\"\" data-id=\"52\" data-link=\"http:\/\/www.mstc.fr\/index.php\/creations\/plv_porte_leaflet\/\" class=\"wp-image-52\" srcset=\"http:\/\/www.mstc.fr\/wp-content\/uploads\/2019\/07\/PLV_PORTE_LEAFLET.jpg 500w, http:\/\/www.mstc.fr\/wp-content\/uploads\/2019\/07\/PLV_PORTE_LEAFLET-300x270.jpg 300w\" sizes=\"(max-width: 500px) 85vw, 500px\" \/><\/figure><\/li><li class=\"blocks-gallery-item\"><figure><img decoding=\"async\" loading=\"lazy\" width=\"500\" height=\"450\" src=\"http:\/\/www.mstc.fr\/wp-content\/uploads\/2019\/07\/CALENDRIERS.jpg\" alt=\"\" data-id=\"50\" data-link=\"http:\/\/www.mstc.fr\/index.php\/creations\/calendriers\/\" class=\"wp-image-50\" srcset=\"http:\/\/www.mstc.fr\/wp-content\/uploads\/2019\/07\/CALENDRIERS.jpg 500w, http:\/\/www.mstc.fr\/wp-content\/uploads\/2019\/07\/CALENDRIERS-300x270.jpg 300w\" sizes=\"(max-width: 500px) 85vw, 500px\" \/><\/figure><\/li><li class=\"blocks-gallery-item\"><figure><img decoding=\"async\" loading=\"lazy\" width=\"500\" height=\"450\" src=\"http:\/\/www.mstc.fr\/wp-content\/uploads\/2019\/07\/PLV_CHEVALET.jpg\" alt=\"\" data-id=\"51\" data-link=\"http:\/\/www.mstc.fr\/index.php\/creations\/plv_chevalet\/\" class=\"wp-image-51\" srcset=\"http:\/\/www.mstc.fr\/wp-content\/uploads\/2019\/07\/PLV_CHEVALET.jpg 500w, http:\/\/www.mstc.fr\/wp-content\/uploads\/2019\/07\/PLV_CHEVALET-300x270.jpg 300w\" sizes=\"(max-width: 500px) 85vw, 500px\" \/><\/figure><\/li><li class=\"blocks-gallery-item\"><figure><img decoding=\"async\" loading=\"lazy\" width=\"500\" height=\"450\" src=\"http:\/\/www.mstc.fr\/wp-content\/uploads\/2019\/07\/PLV_RECEPTACLE.jpg\" alt=\"\" data-id=\"53\" data-link=\"http:\/\/www.mstc.fr\/index.php\/creations\/plv_receptacle\/\" class=\"wp-image-53\" srcset=\"http:\/\/www.mstc.fr\/wp-content\/uploads\/2019\/07\/PLV_RECEPTACLE.jpg 500w, http:\/\/www.mstc.fr\/wp-content\/uploads\/2019\/07\/PLV_RECEPTACLE-300x270.jpg 300w\" sizes=\"(max-width: 500px) 85vw, 500px\" \/><\/figure><\/li><\/ul>\n\n\n\n<p>Un outil peu couteux et tr\u00e8s utilis\u00e9. Formes standards ou d\u00e9coupes de formes \u00e0 la demande, avec ou sans r\u00e9ceptacle.<\/p>\n\n\n\n<p>Pose de chevalet.<\/p>\n","protected":false},"excerpt":{"rendered":"<p>Un outil peu couteux et tr\u00e8s utilis\u00e9. Formes standards ou d\u00e9coupes de formes \u00e0 la demande, avec ou sans r\u00e9ceptacle. Pose de chevalet.<\/p>\n","protected":false},"author":1,"featured_media":0,"parent":12,"menu_order":4,"comment_status":"closed","ping_status":"closed","template":"","meta":{"footnotes":""},"_links":{"self":[{"href":"http:\/\/www.mstc.fr\/index.php\/wp-json\/wp\/v2\/pages\/157"}],"collection":[{"href":"http:\/\/www.mstc.fr\/index.php\/wp-json\/wp\/v2\/pages"}],"about":[{"href":"http:\/\/www.mstc.fr\/index.php\/wp-json\/wp\/v2\/types\/page"}],"author":[{"embeddable":true,"href":"http:\/\/www.mstc.fr\/index.php\/wp-json\/wp\/v2\/users\/1"}],"replies":[{"embeddable":true,"href":"http:\/\/www.mstc.fr\/index.php\/wp-json\/wp\/v2\/comments?post=157"}],"version-history":[{"count":1,"href":"http:\/\/www.mstc.fr\/index.php\/wp-json\/wp\/v2\/pages\/157\/revisions"}],"predecessor-version":[{"id":159,"href":"http:\/\/www.mstc.fr\/index.php\/wp-json\/wp\/v2\/pages\/157\/revisions\/159"}],"up":[{"embeddable":true,"href":"http:\/\/www.mstc.fr\/index.php\/wp-json\/wp\/v2\/pages\/12"}],"wp:attachment":[{"href":"http:\/\/www.mstc.fr\/index.php\/wp-json\/wp\/v2\/media?parent=157"}],"curies":[{"name":"wp","href":"https:\/\/api.w.org\/{rel}","templated":true}]}}