{"id":151,"date":"2019-10-01T17:10:11","date_gmt":"2019-10-01T15:10:11","guid":{"rendered":"http:\/\/www.mstc.fr\/?page_id=151"},"modified":"2019-10-01T17:10:33","modified_gmt":"2019-10-01T15:10:33","slug":"classeurs-et-valisettes","status":"publish","type":"page","link":"http:\/\/www.mstc.fr\/index.php\/creations\/classeurs-et-valisettes\/","title":{"rendered":"Classeurs et valisettes"},"content":{"rendered":"\n<p>\n\nPour promouvoir une marque, valoriser un produit, prot\u00e9ger un ouvrage, communiquer, informer\u2026 faites confiance \u00e0 notre \u00e9quipe pour la r\u00e9alisation de vos projets !\n\n<\/p>\n\n\n\n<ul class=\"wp-block-gallery columns-3 is-cropped wp-block-gallery-1 is-layout-flex wp-block-gallery-is-layout-flex\"><li class=\"blocks-gallery-item\"><figure><img decoding=\"async\" loading=\"lazy\" width=\"500\" height=\"450\" src=\"http:\/\/www.mstc.fr\/wp-content\/uploads\/2019\/07\/BOITE_TRANSFERT_PERSONNALISEE.jpg\" alt=\"\" data-id=\"44\" data-link=\"http:\/\/www.mstc.fr\/index.php\/creations\/boite_transfert_personnalisee\/\" class=\"wp-image-44\" srcset=\"http:\/\/www.mstc.fr\/wp-content\/uploads\/2019\/07\/BOITE_TRANSFERT_PERSONNALISEE.jpg 500w, http:\/\/www.mstc.fr\/wp-content\/uploads\/2019\/07\/BOITE_TRANSFERT_PERSONNALISEE-300x270.jpg 300w\" sizes=\"(max-width: 500px) 85vw, 500px\" \/><\/figure><\/li><li class=\"blocks-gallery-item\"><figure><img decoding=\"async\" loading=\"lazy\" width=\"500\" height=\"450\" src=\"http:\/\/www.mstc.fr\/wp-content\/uploads\/2019\/07\/CLASSEUR.jpg\" alt=\"\" data-id=\"45\" data-link=\"http:\/\/www.mstc.fr\/index.php\/creations\/classeur\/\" class=\"wp-image-45\" srcset=\"http:\/\/www.mstc.fr\/wp-content\/uploads\/2019\/07\/CLASSEUR.jpg 500w, http:\/\/www.mstc.fr\/wp-content\/uploads\/2019\/07\/CLASSEUR-300x270.jpg 300w\" sizes=\"(max-width: 500px) 85vw, 500px\" \/><\/figure><\/li><li class=\"blocks-gallery-item\"><figure><img decoding=\"async\" loading=\"lazy\" width=\"500\" height=\"450\" src=\"http:\/\/www.mstc.fr\/wp-content\/uploads\/2019\/07\/CLASSEUR_2.jpg\" alt=\"\" data-id=\"46\" data-link=\"http:\/\/www.mstc.fr\/index.php\/creations\/classeur_2\/\" class=\"wp-image-46\" srcset=\"http:\/\/www.mstc.fr\/wp-content\/uploads\/2019\/07\/CLASSEUR_2.jpg 500w, http:\/\/www.mstc.fr\/wp-content\/uploads\/2019\/07\/CLASSEUR_2-300x270.jpg 300w\" sizes=\"(max-width: 500px) 85vw, 500px\" \/><\/figure><\/li><li class=\"blocks-gallery-item\"><figure><img decoding=\"async\" loading=\"lazy\" width=\"500\" height=\"450\" src=\"http:\/\/www.mstc.fr\/wp-content\/uploads\/2019\/07\/VALISETTE_DE_PRESENTATION.jpg\" alt=\"\" data-id=\"49\" data-link=\"http:\/\/www.mstc.fr\/index.php\/creations\/valisette_de_presentation\/\" class=\"wp-image-49\" srcset=\"http:\/\/www.mstc.fr\/wp-content\/uploads\/2019\/07\/VALISETTE_DE_PRESENTATION.jpg 500w, http:\/\/www.mstc.fr\/wp-content\/uploads\/2019\/07\/VALISETTE_DE_PRESENTATION-300x270.jpg 300w\" sizes=\"(max-width: 500px) 85vw, 500px\" \/><\/figure><\/li><li class=\"blocks-gallery-item\"><figure><img decoding=\"async\" loading=\"lazy\" width=\"500\" height=\"450\" src=\"http:\/\/www.mstc.fr\/wp-content\/uploads\/2019\/07\/ETUI_PAN_COUPE.jpg\" alt=\"\" data-id=\"47\" data-link=\"http:\/\/www.mstc.fr\/index.php\/creations\/etui_pan_coupe\/\" class=\"wp-image-47\" srcset=\"http:\/\/www.mstc.fr\/wp-content\/uploads\/2019\/07\/ETUI_PAN_COUPE.jpg 500w, http:\/\/www.mstc.fr\/wp-content\/uploads\/2019\/07\/ETUI_PAN_COUPE-300x270.jpg 300w\" sizes=\"(max-width: 500px) 85vw, 500px\" \/><\/figure><\/li><\/ul>\n\n\n\n<h1 class=\"wp-block-heading\"> A la fran\u00e7aise ou \u00e0 l\u2019italienne, pose de m\u00e9canique au choix du client, pose de fermeture velcro ou aimant\u00e9e, pose de poign\u00e9e&#8230; <\/h1>\n","protected":false},"excerpt":{"rendered":"<p>Pour promouvoir une marque, valoriser un produit, prot\u00e9ger un ouvrage, communiquer, informer\u2026 faites confiance \u00e0 notre \u00e9quipe pour la r\u00e9alisation de vos projets ! A la fran\u00e7aise ou \u00e0 l\u2019italienne, pose de m\u00e9canique au choix du client, pose de fermeture velcro ou aimant\u00e9e, pose de poign\u00e9e&#8230;<\/p>\n","protected":false},"author":1,"featured_media":0,"parent":12,"menu_order":3,"comment_status":"closed","ping_status":"closed","template":"","meta":{"footnotes":""},"_links":{"self":[{"href":"http:\/\/www.mstc.fr\/index.php\/wp-json\/wp\/v2\/pages\/151"}],"collection":[{"href":"http:\/\/www.mstc.fr\/index.php\/wp-json\/wp\/v2\/pages"}],"about":[{"href":"http:\/\/www.mstc.fr\/index.php\/wp-json\/wp\/v2\/types\/page"}],"author":[{"embeddable":true,"href":"http:\/\/www.mstc.fr\/index.php\/wp-json\/wp\/v2\/users\/1"}],"replies":[{"embeddable":true,"href":"http:\/\/www.mstc.fr\/index.php\/wp-json\/wp\/v2\/comments?post=151"}],"version-history":[{"count":2,"href":"http:\/\/www.mstc.fr\/index.php\/wp-json\/wp\/v2\/pages\/151\/revisions"}],"predecessor-version":[{"id":153,"href":"http:\/\/www.mstc.fr\/index.php\/wp-json\/wp\/v2\/pages\/151\/revisions\/153"}],"up":[{"embeddable":true,"href":"http:\/\/www.mstc.fr\/index.php\/wp-json\/wp\/v2\/pages\/12"}],"wp:attachment":[{"href":"http:\/\/www.mstc.fr\/index.php\/wp-json\/wp\/v2\/media?parent=151"}],"curies":[{"name":"wp","href":"https:\/\/api.w.org\/{rel}","templated":true}]}}