{"id":14,"date":"2019-07-11T14:38:31","date_gmt":"2019-07-11T12:38:31","guid":{"rendered":"http:\/\/www.mstc.fr\/?page_id=14"},"modified":"2023-09-11T13:48:39","modified_gmt":"2023-09-11T11:48:39","slug":"coordonnees","status":"publish","type":"page","link":"http:\/\/www.mstc.fr\/index.php\/coordonnees\/","title":{"rendered":"Coordonn\u00e9es"},"content":{"rendered":"\n<p>Notre site se trouve \u00e0 30 minutes de Le&nbsp;Mans.<br>Acc\u00e8s par l&rsquo;autoroute A28, sortie n\u00b025 &#8211; Ecommoy&nbsp;<br> <\/p>\n\n\n\n<p><strong>Informations ou Devis<\/strong><br> N&rsquo;h\u00e9sitez pas \u00e0 solliciter Isabelle ou Laurence pour toutes demandes et interrogations. Entour\u00e9es de notre \u00e9quipe technique, elles vous apporteront des r\u00e9ponses et des \u00e9claircissements en toute simplicit\u00e9 et convivialit\u00e9&#8230;&nbsp;<br> \u00bb&nbsp;<strong>Isabelle <\/strong> &#8211;&nbsp;<strong>02 43 42 96 76<\/strong><br> \u00bb&nbsp;<strong>Laurence<\/strong>  &#8211;&nbsp;<strong>02 43 42 96 75<\/strong>&nbsp;<\/p>\n\n\n\n<p><a href=\"mailto:devis@mstc.fr\">cliquez pour un devis<\/a><br> <\/p>\n\n\n\n<p><strong>Rencontre ou Visite commerciale<\/strong><br>Vous aimeriez en apprendre d&rsquo;avantage sur MSTC et connaitre les solutions que nous sommes susceptibles d\u2019apporter \u00e0 vos projets, n&rsquo;attendez pas et demandez \u00e0 Sophie MONTEIL de vous faire d\u00e9couvrir notre univers de cr\u00e9ation lors d\u2019une visite de pr\u00e9sentation.\u00a0<br> \u00a0<strong>Sophie MONTEIL<\/strong>  &#8211;\u00a0<strong>06 27 88 54 30<\/strong> <br><a href=\"mailto:sophie.monteil@mstc.fr\"> cliquez pour me contacter par mail<\/a>  \u00a0<br> <br> <a href=\"http:\/\/www.fast-treillet.fr\/\"><\/a>\u00a0\u00a0\u00a0\u00a0\u00a0\u00a0\u00a0\u00a0\u00a0\u00a0\u00a0\u00a0\u00a0\u00a0<a href=\"http:\/\/www.robert-bardet.fr\/\"><\/a><\/p>\n","protected":false},"excerpt":{"rendered":"<p>Notre site se trouve \u00e0 30 minutes de Le&nbsp;Mans.Acc\u00e8s par l&rsquo;autoroute A28, sortie n\u00b025 &#8211; Ecommoy&nbsp; Informations ou Devis N&rsquo;h\u00e9sitez pas \u00e0 solliciter Isabelle ou Laurence pour toutes demandes et interrogations. Entour\u00e9es de notre \u00e9quipe technique, elles vous apporteront des r\u00e9ponses et des \u00e9claircissements en toute simplicit\u00e9 et convivialit\u00e9&#8230;&nbsp; \u00bb&nbsp;Isabelle &#8211;&nbsp;02 43 42 96 76 &hellip; <a href=\"http:\/\/www.mstc.fr\/index.php\/coordonnees\/\" class=\"more-link\">Continue reading<span class=\"screen-reader-text\"> \u00ab\u00a0Coordonn\u00e9es\u00a0\u00bb<\/span><\/a><\/p>\n","protected":false},"author":1,"featured_media":0,"parent":0,"menu_order":0,"comment_status":"closed","ping_status":"closed","template":"","meta":{"footnotes":""},"_links":{"self":[{"href":"http:\/\/www.mstc.fr\/index.php\/wp-json\/wp\/v2\/pages\/14"}],"collection":[{"href":"http:\/\/www.mstc.fr\/index.php\/wp-json\/wp\/v2\/pages"}],"about":[{"href":"http:\/\/www.mstc.fr\/index.php\/wp-json\/wp\/v2\/types\/page"}],"author":[{"embeddable":true,"href":"http:\/\/www.mstc.fr\/index.php\/wp-json\/wp\/v2\/users\/1"}],"replies":[{"embeddable":true,"href":"http:\/\/www.mstc.fr\/index.php\/wp-json\/wp\/v2\/comments?post=14"}],"version-history":[{"count":7,"href":"http:\/\/www.mstc.fr\/index.php\/wp-json\/wp\/v2\/pages\/14\/revisions"}],"predecessor-version":[{"id":316,"href":"http:\/\/www.mstc.fr\/index.php\/wp-json\/wp\/v2\/pages\/14\/revisions\/316"}],"wp:attachment":[{"href":"http:\/\/www.mstc.fr\/index.php\/wp-json\/wp\/v2\/media?parent=14"}],"curies":[{"name":"wp","href":"https:\/\/api.w.org\/{rel}","templated":true}]}}