{"id":136,"date":"2019-10-01T16:53:02","date_gmt":"2019-10-01T14:53:02","guid":{"rendered":"http:\/\/www.mstc.fr\/?page_id=136"},"modified":"2019-10-01T16:57:07","modified_gmt":"2019-10-01T14:57:07","slug":"coffrets","status":"publish","type":"page","link":"http:\/\/www.mstc.fr\/index.php\/creations\/coffrets\/","title":{"rendered":"Coffrets"},"content":{"rendered":"\n<ul class=\"wp-block-gallery columns-3 is-cropped wp-block-gallery-1 is-layout-flex wp-block-gallery-is-layout-flex\"><li class=\"blocks-gallery-item\"><figure><img decoding=\"async\" loading=\"lazy\" width=\"500\" height=\"450\" src=\"http:\/\/www.mstc.fr\/wp-content\/uploads\/2019\/07\/BOITE_COUVERCLE_ENCHARNE.jpg\" alt=\"\" data-id=\"57\" data-link=\"http:\/\/www.mstc.fr\/index.php\/creations\/boite_couvercle_encharne\/\" class=\"wp-image-57\" srcset=\"http:\/\/www.mstc.fr\/wp-content\/uploads\/2019\/07\/BOITE_COUVERCLE_ENCHARNE.jpg 500w, http:\/\/www.mstc.fr\/wp-content\/uploads\/2019\/07\/BOITE_COUVERCLE_ENCHARNE-300x270.jpg 300w\" sizes=\"(max-width: 500px) 85vw, 500px\" \/><\/figure><\/li><li class=\"blocks-gallery-item\"><figure><img decoding=\"async\" loading=\"lazy\" width=\"500\" height=\"450\" src=\"http:\/\/www.mstc.fr\/wp-content\/uploads\/2019\/07\/BOITE_COUVERCLE_ENCHARNE_AVEC_CALAGE_CARTON.jpg\" alt=\"\" data-id=\"58\" data-link=\"http:\/\/www.mstc.fr\/index.php\/creations\/boite_couvercle_encharne_avec_calage_carton\/\" class=\"wp-image-58\" srcset=\"http:\/\/www.mstc.fr\/wp-content\/uploads\/2019\/07\/BOITE_COUVERCLE_ENCHARNE_AVEC_CALAGE_CARTON.jpg 500w, http:\/\/www.mstc.fr\/wp-content\/uploads\/2019\/07\/BOITE_COUVERCLE_ENCHARNE_AVEC_CALAGE_CARTON-300x270.jpg 300w\" sizes=\"(max-width: 500px) 85vw, 500px\" \/><\/figure><\/li><li class=\"blocks-gallery-item\"><figure><img decoding=\"async\" loading=\"lazy\" width=\"500\" height=\"450\" src=\"http:\/\/www.mstc.fr\/wp-content\/uploads\/2019\/07\/BOITE_GORGE_AVEC_MARQUAGE_A_CHAUD.jpg\" alt=\"\" data-id=\"59\" data-link=\"http:\/\/www.mstc.fr\/index.php\/creations\/boite_gorge_avec_marquage_a_chaud\/\" class=\"wp-image-59\" srcset=\"http:\/\/www.mstc.fr\/wp-content\/uploads\/2019\/07\/BOITE_GORGE_AVEC_MARQUAGE_A_CHAUD.jpg 500w, http:\/\/www.mstc.fr\/wp-content\/uploads\/2019\/07\/BOITE_GORGE_AVEC_MARQUAGE_A_CHAUD-300x270.jpg 300w\" sizes=\"(max-width: 500px) 85vw, 500px\" \/><\/figure><\/li><li class=\"blocks-gallery-item\"><figure><img decoding=\"async\" loading=\"lazy\" width=\"500\" height=\"450\" src=\"http:\/\/www.mstc.fr\/wp-content\/uploads\/2019\/07\/BOITE_MONO_CUVETTE.jpg\" alt=\"\" data-id=\"60\" data-link=\"http:\/\/www.mstc.fr\/index.php\/creations\/boite_mono_cuvette\/\" class=\"wp-image-60\" srcset=\"http:\/\/www.mstc.fr\/wp-content\/uploads\/2019\/07\/BOITE_MONO_CUVETTE.jpg 500w, http:\/\/www.mstc.fr\/wp-content\/uploads\/2019\/07\/BOITE_MONO_CUVETTE-300x270.jpg 300w\" sizes=\"(max-width: 500px) 85vw, 500px\" \/><\/figure><\/li><li class=\"blocks-gallery-item\"><figure><img decoding=\"async\" loading=\"lazy\" width=\"500\" height=\"450\" src=\"http:\/\/www.mstc.fr\/wp-content\/uploads\/2019\/07\/COFFRET_A_RABAT_AIMANTE_AVEC_CALAGE_MOUSSE.jpg\" alt=\"\" data-id=\"61\" data-link=\"http:\/\/www.mstc.fr\/index.php\/creations\/coffret_a_rabat_aimante_avec_calage_mousse\/\" class=\"wp-image-61\" srcset=\"http:\/\/www.mstc.fr\/wp-content\/uploads\/2019\/07\/COFFRET_A_RABAT_AIMANTE_AVEC_CALAGE_MOUSSE.jpg 500w, http:\/\/www.mstc.fr\/wp-content\/uploads\/2019\/07\/COFFRET_A_RABAT_AIMANTE_AVEC_CALAGE_MOUSSE-300x270.jpg 300w\" sizes=\"(max-width: 500px) 85vw, 500px\" \/><\/figure><\/li><li class=\"blocks-gallery-item\"><figure><img decoding=\"async\" loading=\"lazy\" width=\"500\" height=\"450\" src=\"http:\/\/www.mstc.fr\/wp-content\/uploads\/2019\/07\/COFFRET_FAUX_LIVRE_AVEC_PAPIER_DE_CREATION_ET_MARQUAGE_A_CHAUD.jpg\" alt=\"\" data-id=\"66\" data-link=\"http:\/\/www.mstc.fr\/index.php\/creations\/coffret_faux_livre_avec_papier_de_creation_et_marquage_a_chaud\/\" class=\"wp-image-66\" srcset=\"http:\/\/www.mstc.fr\/wp-content\/uploads\/2019\/07\/COFFRET_FAUX_LIVRE_AVEC_PAPIER_DE_CREATION_ET_MARQUAGE_A_CHAUD.jpg 500w, http:\/\/www.mstc.fr\/wp-content\/uploads\/2019\/07\/COFFRET_FAUX_LIVRE_AVEC_PAPIER_DE_CREATION_ET_MARQUAGE_A_CHAUD-300x270.jpg 300w\" sizes=\"(max-width: 500px) 85vw, 500px\" \/><\/figure><\/li><li class=\"blocks-gallery-item\"><figure><img decoding=\"async\" loading=\"lazy\" width=\"500\" height=\"450\" src=\"http:\/\/www.mstc.fr\/wp-content\/uploads\/2019\/07\/COFFRET_COLLECTOR_2.jpg\" alt=\"\" data-id=\"63\" data-link=\"http:\/\/www.mstc.fr\/index.php\/creations\/coffret_collector_2\/\" class=\"wp-image-63\" srcset=\"http:\/\/www.mstc.fr\/wp-content\/uploads\/2019\/07\/COFFRET_COLLECTOR_2.jpg 500w, http:\/\/www.mstc.fr\/wp-content\/uploads\/2019\/07\/COFFRET_COLLECTOR_2-300x270.jpg 300w\" sizes=\"(max-width: 500px) 85vw, 500px\" \/><\/figure><\/li><li class=\"blocks-gallery-item\"><figure><img decoding=\"async\" loading=\"lazy\" width=\"500\" height=\"450\" src=\"http:\/\/www.mstc.fr\/wp-content\/uploads\/2019\/07\/COFFRET_COUVERCLE_ENCHARNE_AVEC_TIROIR.jpg\" alt=\"\" data-id=\"64\" data-link=\"http:\/\/www.mstc.fr\/index.php\/creations\/coffret_couvercle_encharne_avec_tiroir\/\" class=\"wp-image-64\" srcset=\"http:\/\/www.mstc.fr\/wp-content\/uploads\/2019\/07\/COFFRET_COUVERCLE_ENCHARNE_AVEC_TIROIR.jpg 500w, http:\/\/www.mstc.fr\/wp-content\/uploads\/2019\/07\/COFFRET_COUVERCLE_ENCHARNE_AVEC_TIROIR-300x270.jpg 300w\" sizes=\"(max-width: 500px) 85vw, 500px\" \/><\/figure><\/li><li class=\"blocks-gallery-item\"><figure><img decoding=\"async\" loading=\"lazy\" width=\"500\" height=\"450\" src=\"http:\/\/www.mstc.fr\/wp-content\/uploads\/2019\/07\/COFFRET_FAUX_LIVRE_AVEC_CADRE_TOURNANT.jpg\" alt=\"\" data-id=\"65\" data-link=\"http:\/\/www.mstc.fr\/index.php\/creations\/coffret_faux_livre_avec_cadre_tournant\/\" class=\"wp-image-65\" srcset=\"http:\/\/www.mstc.fr\/wp-content\/uploads\/2019\/07\/COFFRET_FAUX_LIVRE_AVEC_CADRE_TOURNANT.jpg 500w, http:\/\/www.mstc.fr\/wp-content\/uploads\/2019\/07\/COFFRET_FAUX_LIVRE_AVEC_CADRE_TOURNANT-300x270.jpg 300w\" sizes=\"(max-width: 500px) 85vw, 500px\" \/><\/figure><\/li><li class=\"blocks-gallery-item\"><figure><img decoding=\"async\" loading=\"lazy\" width=\"500\" height=\"450\" src=\"http:\/\/www.mstc.fr\/wp-content\/uploads\/2019\/07\/COFFRET_TIROIR.jpg\" alt=\"\" data-id=\"68\" data-link=\"http:\/\/www.mstc.fr\/index.php\/creations\/coffret_tiroir\/\" class=\"wp-image-68\" srcset=\"http:\/\/www.mstc.fr\/wp-content\/uploads\/2019\/07\/COFFRET_TIROIR.jpg 500w, http:\/\/www.mstc.fr\/wp-content\/uploads\/2019\/07\/COFFRET_TIROIR-300x270.jpg 300w\" sizes=\"(max-width: 500px) 85vw, 500px\" \/><\/figure><\/li><li class=\"blocks-gallery-item\"><figure><img decoding=\"async\" loading=\"lazy\" width=\"500\" height=\"450\" src=\"http:\/\/www.mstc.fr\/wp-content\/uploads\/2019\/07\/COFFRET_LIVRE.jpg\" alt=\"\" data-id=\"67\" data-link=\"http:\/\/www.mstc.fr\/index.php\/creations\/coffret_livre\/\" class=\"wp-image-67\" srcset=\"http:\/\/www.mstc.fr\/wp-content\/uploads\/2019\/07\/COFFRET_LIVRE.jpg 500w, http:\/\/www.mstc.fr\/wp-content\/uploads\/2019\/07\/COFFRET_LIVRE-300x270.jpg 300w\" sizes=\"(max-width: 500px) 85vw, 500px\" \/><\/figure><\/li><li class=\"blocks-gallery-item\"><figure><img decoding=\"async\" loading=\"lazy\" width=\"500\" height=\"450\" src=\"http:\/\/www.mstc.fr\/wp-content\/uploads\/2019\/07\/COFFRET_COLLECTOR.jpg\" alt=\"\" data-id=\"62\" data-link=\"http:\/\/www.mstc.fr\/index.php\/creations\/coffret_collector\/\" class=\"wp-image-62\" srcset=\"http:\/\/www.mstc.fr\/wp-content\/uploads\/2019\/07\/COFFRET_COLLECTOR.jpg 500w, http:\/\/www.mstc.fr\/wp-content\/uploads\/2019\/07\/COFFRET_COLLECTOR-300x270.jpg 300w\" sizes=\"(max-width: 500px) 85vw, 500px\" \/><\/figure><\/li><\/ul>\n\n\n\n<p>  Enti\u00e8rement r\u00e9alis\u00e9s \u00e0 la main par des cartonni\u00e8res exp\u00e9riment\u00e9es.<br> Peuvent \u00eatre recouverts de papiers imprim\u00e9s, papiers de cr\u00e9ation, pellicul\u00e9s brillants ou mats. <br> R\u00e9alisation de nombreuses op\u00e9rations comme le marquage \u00e0 chaud, la pose d\u2019accessoires tels que ruban, pression, aimants, poign\u00e9e, velcro, calages carton ou mousse&#8230; <\/p>\n\n\n\n<p><\/p>\n","protected":false},"excerpt":{"rendered":"<p>Enti\u00e8rement r\u00e9alis\u00e9s \u00e0 la main par des cartonni\u00e8res exp\u00e9riment\u00e9es. Peuvent \u00eatre recouverts de papiers imprim\u00e9s, papiers de cr\u00e9ation, pellicul\u00e9s brillants ou mats. R\u00e9alisation de nombreuses op\u00e9rations comme le marquage \u00e0 chaud, la pose d\u2019accessoires tels que ruban, pression, aimants, poign\u00e9e, velcro, calages carton ou mousse&#8230;<\/p>\n","protected":false},"author":1,"featured_media":0,"parent":12,"menu_order":0,"comment_status":"closed","ping_status":"closed","template":"","meta":{"footnotes":""},"_links":{"self":[{"href":"http:\/\/www.mstc.fr\/index.php\/wp-json\/wp\/v2\/pages\/136"}],"collection":[{"href":"http:\/\/www.mstc.fr\/index.php\/wp-json\/wp\/v2\/pages"}],"about":[{"href":"http:\/\/www.mstc.fr\/index.php\/wp-json\/wp\/v2\/types\/page"}],"author":[{"embeddable":true,"href":"http:\/\/www.mstc.fr\/index.php\/wp-json\/wp\/v2\/users\/1"}],"replies":[{"embeddable":true,"href":"http:\/\/www.mstc.fr\/index.php\/wp-json\/wp\/v2\/comments?post=136"}],"version-history":[{"count":3,"href":"http:\/\/www.mstc.fr\/index.php\/wp-json\/wp\/v2\/pages\/136\/revisions"}],"predecessor-version":[{"id":140,"href":"http:\/\/www.mstc.fr\/index.php\/wp-json\/wp\/v2\/pages\/136\/revisions\/140"}],"up":[{"embeddable":true,"href":"http:\/\/www.mstc.fr\/index.php\/wp-json\/wp\/v2\/pages\/12"}],"wp:attachment":[{"href":"http:\/\/www.mstc.fr\/index.php\/wp-json\/wp\/v2\/media?parent=136"}],"curies":[{"name":"wp","href":"https:\/\/api.w.org\/{rel}","templated":true}]}}